{"id":513,"date":"2021-07-21T19:15:23","date_gmt":"2021-07-21T19:15:23","guid":{"rendered":"http:\/\/hospitaldeespecialidadeslaquebrada.com.mx\/?page_id=513"},"modified":"2021-07-21T19:19:30","modified_gmt":"2021-07-21T19:19:30","slug":"le-informamos-que-es-de-nuestro-especial-interes-cuidar-la-informacion-personal-de-nuestros-clientes-y-proveedores-en-terminos-de-ley-a-traves-del-establecimiento-y-mantenimiento-de-medidas-de-seguri","status":"publish","type":"page","link":"https:\/\/hospitaldeespecialidadeslaquebrada.com.mx\/?page_id=513","title":{"rendered":"Aviso de privacidad"},"content":{"rendered":"\n<h1 class=\"wp-block-heading\">Aviso de privacidad<\/h1>\n\n\n\n<p>Le informamos que es de nuestro especial inter\u00e9s cuidar la informaci\u00f3n personal de nuestros clientes y proveedores en t\u00e9rminos de ley, a trav\u00e9s del establecimiento y mantenimiento de medidas de seguridad estrictas a efecto de asegurar la privacidad de sus datos personales.De conformidad con lo establecido en la Ley Federal de Protecci\u00f3n de Datos Personales en Posesi\u00f3n de los Particulares, hospital de especialidades la quebrada., con domicilio en Av. la Quebrada 89, La Quebrada, 54769 Cuautitl\u00e1n Izcalli, M\u00e9x., es responsable del uso y protecci\u00f3n de sus datos personales.<\/p>\n\n\n\n<p>Atendiendo las obligaciones legales establecidas en este instrumento, se informa a los titulares de los datos que la informaci\u00f3n que recabamos de usted ser\u00e1 utilizada para las siguientes finalidades, las cuales son necesarias para concretar nuestra relaci\u00f3n con usted, atender los servicios y\/o pedidos que solicite:<\/p>\n\n\n\n<p>Compartir sus datos con proveedores externos para asegurar la entrega del producto vendido a trav\u00e9s de nuestro sitio en Internet.<br>A\u00f1adir sus datos en nuestra base de datos para brindarle una mejor atenci\u00f3n, haciendo uso de cookies.<br>Para llevar a cabo las finalidades previamente descritas, utilizaremos los siguientes datos personales: Nombre, tel\u00e9fono, correo electr\u00f3nico, domicilio, fecha de nacimiento.<\/p>\n\n\n\n<p>Para conocer m\u00e1s informaci\u00f3n sobre los t\u00e9rminos y condiciones en que ser\u00e1n tratados sus datos personales y la forma en que podr\u00e1 ejercer sus derechos ARCO, puede consultar el Aviso de Privacidad Integral en www.inai.org.mx.<\/p>\n\n\n\n<p>Para conocer el procedimiento, requisitos y el ejercicio de cualquiera de los derechos ARCO, se deber\u00e1 presentar la solicitud respectiva con su Nombre y Correo electr\u00f3nico a trav\u00e9s del siguiente correo electr\u00f3nico:<\/p>\n\n\n\n<p>&nbsp;<a href=\"http:\/\/hospitaldeespecialidadeslaquebrada.com.mx\/#\">pacientes@hospitaldeespecialidadeslaquebrada.com.mx<\/a><\/p>\n\n\n\n<p>La respuesta a la solicitud se dar\u00e1 en 5 d\u00edas h\u00e1biles y se comunicar\u00e1 a trav\u00e9s del mismo correo electr\u00f3nico.<\/p>\n\n\n\n<p>Los datos de contacto de la persona o departamento de datos personales y que est\u00e1 a cargo de dar tr\u00e1mite a las solicitudes de derechos ARCO, son los siguientes:<\/p>\n\n\n\n<p>a) Nombre del responsable: Ventas y suscripciones<\/p>\n\n\n\n<p>b) Domicilio:<\/p>\n\n\n\n<p><meta charset=\"utf-8\"> Av. la Quebrada 89, La Quebrada, 54769 Cuautitl\u00e1n Izcalli, M\u00e9x<\/p>\n\n\n\n<p>c) Tel\u00e9fono: <strong>55 5310 0040<\/strong><\/p>\n\n\n\n<p>d) Correo electr\u00f3nico: <meta charset=\"utf-8\">&nbsp;<a href=\"http:\/\/hospitaldeespecialidadeslaquebrada.com.mx\/#\">pacientes@hospitaldeespecialidadeslaquebrada.com.mx<\/a><\/p>\n\n\n\n<p>Cabe mencionar que en cualquier momento usted puede revocar su consentimiento para el uso de sus datos personales. Sin embargo, es importante que tenga en cuenta que no en todos los casos podremos atender su solicitud o concluir el uso de forma inmediata, ya que es posible que por alguna obligaci\u00f3n legal se requiera seguir tratando sus datos personales. Asimismo, deber\u00e1 considerar que para ciertos fines, la revocaci\u00f3n de su consentimiento implicar\u00e1 que no podamos seguir prestando el servicio que nos solicit\u00f3 y\/o la conclusi\u00f3n de su relaci\u00f3n con nosotros.<\/p>\n\n\n\n<p>El presente aviso de privacidad puede sufrir modificaciones, cambios o actualizaciones derivadas de nuevos requerimientos legales; de nuestras propias necesidades por los productos o servicios que ofrecemos; de nuestras pr\u00e1cticas de privacidad; de cambios en nuestro modelo de negocio o por otras causas, por lo cual, nos comprometemos a mantenerlo informado sobre los cambios que pueda sufrir el presente aviso de privacidad. Adicionalmente, usted puede verificar si el mismo ha sufrido alg\u00fan cambio a trav\u00e9s de la siguiente direcci\u00f3n electr\u00f3nica:<\/p>\n\n\n\n<p><blockquote class=\"wp-embedded-content\" data-secret=\"ugFyQwgo7T\"><a href=\"http:\/\/hospitaldeespecialidadeslaquebrada.com.mx\/\">Inicio<\/a><\/blockquote><iframe loading=\"lazy\" class=\"wp-embedded-content\" sandbox=\"allow-scripts\" security=\"restricted\" style=\"position: absolute; clip: rect(1px, 1px, 1px, 1px);\" title=\"&#8220;Inicio&#8221; &#8212; hospitaldeespecialidadeslaquebrada.com.mx\" src=\"http:\/\/hospitaldeespecialidadeslaquebrada.com.mx\/?embed=true#?secret=ugFyQwgo7T\" data-secret=\"ugFyQwgo7T\" width=\"600\" height=\"338\" frameborder=\"0\" marginwidth=\"0\" marginheight=\"0\" scrolling=\"no\"><\/iframe><\/p>\n","protected":false},"excerpt":{"rendered":"<p>Aviso de privacidad Le informamos que es de nuestro especial inter\u00e9s cuidar la informaci\u00f3n personal de nuestros clientes y proveedores en t\u00e9rminos de ley, a trav\u00e9s<span class=\"excerpt-hellip\"> [\u2026]<\/span><\/p>\n","protected":false},"author":3,"featured_media":0,"parent":0,"menu_order":0,"comment_status":"closed","ping_status":"closed","template":"","meta":{"footnotes":""},"class_list":["post-513","page","type-page","status-publish","hentry"],"_links":{"self":[{"href":"https:\/\/hospitaldeespecialidadeslaquebrada.com.mx\/index.php?rest_route=\/wp\/v2\/pages\/513","targetHints":{"allow":["GET"]}}],"collection":[{"href":"https:\/\/hospitaldeespecialidadeslaquebrada.com.mx\/index.php?rest_route=\/wp\/v2\/pages"}],"about":[{"href":"https:\/\/hospitaldeespecialidadeslaquebrada.com.mx\/index.php?rest_route=\/wp\/v2\/types\/page"}],"author":[{"embeddable":true,"href":"https:\/\/hospitaldeespecialidadeslaquebrada.com.mx\/index.php?rest_route=\/wp\/v2\/users\/3"}],"replies":[{"embeddable":true,"href":"https:\/\/hospitaldeespecialidadeslaquebrada.com.mx\/index.php?rest_route=%2Fwp%2Fv2%2Fcomments&post=513"}],"version-history":[{"count":3,"href":"https:\/\/hospitaldeespecialidadeslaquebrada.com.mx\/index.php?rest_route=\/wp\/v2\/pages\/513\/revisions"}],"predecessor-version":[{"id":517,"href":"https:\/\/hospitaldeespecialidadeslaquebrada.com.mx\/index.php?rest_route=\/wp\/v2\/pages\/513\/revisions\/517"}],"wp:attachment":[{"href":"https:\/\/hospitaldeespecialidadeslaquebrada.com.mx\/index.php?rest_route=%2Fwp%2Fv2%2Fmedia&parent=513"}],"curies":[{"name":"wp","href":"https:\/\/api.w.org\/{rel}","templated":true}]}}